{"id":2066,"date":"2023-03-09T17:03:43","date_gmt":"2023-03-09T17:03:43","guid":{"rendered":"https:\/\/research.dental.uw.edu\/derouencenter\/?page_id=2066"},"modified":"2025-11-05T20:57:22","modified_gmt":"2025-11-05T20:57:22","slug":"publications","status":"publish","type":"page","link":"https:\/\/research.dental.uw.edu\/derouencenter\/publications\/","title":{"rendered":"Publications"},"content":{"rendered":"<p><strong>Title<\/strong>: <a href=\"https:\/\/pubmed.ncbi.nlm.nih.gov\/40894348\/\">High Performance Liquid Chromatography Analysis of the Active Ingredients and Evaluation of Anti-caries Potential of Thai Propolis Extracts<\/a><br \/>\n<strong>Journal<\/strong>: Acta Med Philipp<br \/>\n<strong>Authors<\/strong>: John Erick B Quiniquini, Waraporn Putalun, Waranuch Pitiphat, Nutthapong Kantrong, Suttichai Krisanaprakornkit, Pattama Chailertvanitkul<\/p>\n<p><strong>Title<\/strong>: <a href=\"https:\/\/pubmed.ncbi.nlm.nih.gov\/41053768\/\">Determinants of feasibility, acceptability and reach of mobile phone delivery of an Adolescent Transition Package (ATP) supporting the transition of youth living with HIV to adult HIV care in Kenya during the COVID-19 pandemic<\/a><br \/>\n<strong>Journal<\/strong>: BMC Health Serv Res<br \/>\n<strong>Authors<\/strong>: Dorothy I Mangale, Nok Chhun, Moira Majaha, Chelsea Martin, Alvin Onyango, Cyrus Mugo, Caren Mburu, Dalton Wamalwa, Irene Njuguna, Arianna Rubin Means, Bryan J Weiner, Grace John-Stewart, Kristin Beima-Sofie<\/p>\n<p><strong>Title<\/strong>: <a href=\"https:\/\/pubmed.ncbi.nlm.nih.gov\/41121558\/\">Factors Contributing to General Anesthesia Appointment Failure<\/a><br \/>\n<strong>Journal<\/strong>: Pediatr Dent<br \/>\n<strong>Authors<\/strong>: Kaziwa Ibrahim, Travis Nelson, Ana Lucia Seminario, Jennifer Meyers, Rata Rokhshad<\/p>\n<p><strong>Title<\/strong>: <a href=\"https:\/\/pubmed.ncbi.nlm.nih.gov\/40129429\/\">Efficacy and safety of lacosamide in patients with trigeminal neuralgia: an 8-week pilot dose-escalation study. J Oral Facial Pain Headache<\/a><br \/>\n<strong>Journal<\/strong>: J Oral Facial Pain Headache<br \/>\n<strong>Authors<\/strong>: Lappichetpaiboon P, Tiamkao S, Ruangsri S, Paphangkorakit J, Pitiphat W, Jorns TP<\/p>\n<p><strong>Title<\/strong>: <a href=\"https:\/\/pubmed.ncbi.nlm.nih.gov\/40447495\/\">Variants in the DDX6-CXCR5 autoimmune disease risk locus influence the regulatory network in immune cells and salivary gland<\/a><br \/>\n<strong>Journal<\/strong>: Ann Rheum Dis.<br \/>\n<strong>Authors<\/strong>: Wiley MM, Radziszewski M, Khatri B, Joachims ML, Tessneer KL, Stolarczyk AM, Yao S, Li J, Pritchett-Frazee C, Johnston AA, Rasmussen A, Anaya JM, Aqrawi LA, Bae SC, Baecklund E, Bj\u00f6rk A, Brun JG, Bucher SM, Dand N, Eloranta ML, Engelke F, Forsblad-d&#8217;Elia H, Fugmann C, Glenn SB, Gong C, Gottenberg JE, Hammenfors D, Imgenberg-Kreuz J, Jensen JL, Johnsen SJA, Jonsson MV, Kelly JA, Khanam S, Kim K, Kvarnstr\u00f6m M, Mandl T, Mart\u00edn J, Morris DL, Nocturne G, Norheim KB, Olsson P, Palm \u00d8, Pers JO, Rhodus NL, Sj\u00f6wall C, Skarstein K, Taylor KE, Tombleson P, Thorlacius GE, Venuturupalli SR, Vital EM, Wallace DJ, Radfar L, Brennan MT, James JA, Scofield RH, Gaffney PM, Criswell LA, Jonsson R, Appel S, Eriksson P, Bowman SJ, Omdal R, R\u00f6nnblom L, Warner BM, Rischmueller M, Witte T, Farris AD, Mariette X, Shiboski CH; Sj\u00f6gren\u2019s International Collaborative Clinical Alliance (SICCA); Wahren-Herlenius M, Alarc\u00f3n-Riquelme ME; PRECISESADS Clinical Consortium; Ng WF; UK Primary Sj\u00f6gren\u2019s Syndrome Registry; Sivils KL, Guthridge JM, Adrianto I, Vyse TJ, Tsao BP, Nordmark G, Lessard CJ<\/p>\n<p><strong>Title<\/strong>: <a href=\"https:\/\/pubmed.ncbi.nlm.nih.gov\/39107925\/\">Application of principles learned in a prevention-focused pediatric dental residency curriculum to professional practice<\/a><br \/>\n<strong>Journal<\/strong>: J Dental Education<br \/>\n<strong>Authors<\/strong>: Ramos-Gomez F, Kinsler JJ, Wang Y, Parkinson S, Pike N<\/p>\n<p><strong>Title<\/strong>: <a href=\"https:\/\/pubmed.ncbi.nlm.nih.gov\/37805471\/ \">Oral health status and hygiene practices among visually impaired adolescents from a school in Kenya<\/a><br \/>\n<strong>Journal<\/strong>: BMC Oral Health<br \/>\n<strong>Authors<\/strong>: Maureen Macharia, Mary Masiga, Nathan Psiwa, Janella Bermudez, Ana Lucia Seminario, Arthur Musakulu Kemoli<\/p>\n<p><strong>Title<\/strong>: <a href=\"https:\/\/pubmed.ncbi.nlm.nih.gov\/37506723\/ \">Global HIV control: is the glass half empty or half full?<\/a><br \/>\n<strong>Journal<\/strong>: Lancet HIV<br \/>\n<strong>Authors<\/strong>: Jean B Nachega, Philippa Musoke, Peter H Kilmarx, Monica Gandhi, Beatriz Grinsztejn, Anton Pozniak, Angeli Rawat, Lindsay Wilson, Edward J Mills, Frederick L Altice  John W Mellors, Thomas C Quinn<\/p>\n<p><strong>Title<\/strong>: <a href=\"https:\/\/pubmed.ncbi.nlm.nih.gov\/37782795\/ \">Localized microbially induced inflammation influences distant healthy tissues in the human oral cavity<\/a><br \/>\n<strong>Journal<\/strong>: Proc Natl Acad Sci U S A<br \/>\n<strong>Authors<\/strong>: Kristopher A Kerns, Shatha Bamashmous, Erik L Hendrickson, Georgios A Kotsakis, Brian G Leroux, Diane D Daubert, Frank A Roberts, Dandan Chen, Harsh M Trivedi, Richard P Darveau, Jeffrey S McLean<\/p>\n<p><strong>Title<\/strong>: <a href=\"https:\/\/urldefense.com\/v3\/__https:\/pubmed.ncbi.nlm.nih.gov\/35642032\/__;!!K-Hz7m0Vt54!l_SEqYvp__DhmF6LewGnOcII5F7MafQGvTjxiugLD07aTyT6JEDPcdV9q81ZXX7sSalGf6JAlnI8nw$\">Prevalence and correlates of periodontitis among Kenyan women planning to conceive<\/a><br \/>\n<strong>Journal<\/strong>: BMC Oral Health<br \/>\n<strong>Authors<\/strong>: Brenda Oyaro, Erica Lokken, Hudson Alumera, Shahid Hussein, Barbra Richardson, Kishorchandra Mandaliya, Walter Jaoko, John Kinuthia, Elizabeth Dimba, Arthur Kemoli, R Scott McClelland<\/p>\n<p><strong>Title<\/strong>: <a href=\"https:\/\/urldefense.com\/v3\/__https:\/pubmed.ncbi.nlm.nih.gov\/37401993\/__;!!K-Hz7m0Vt54!l_SEqYvp__DhmF6LewGnOcII5F7MafQGvTjxiugLD07aTyT6JEDPcdV9q81ZXX7sSalGf6JsxpgRIg$\">Adherence to Antiretrovirals and HIV Viral Suppression Under COVID-19 Pandemic Interruption &#8211; Findings from a Randomized Clinical Trial Using Ingestible Sensors to Monitor Adherence<\/a><br \/>\n<strong>Journal<\/strong>: AIDS and Behavior<br \/>\n<strong>Authors<\/strong>: Yan Wang, Eric S Daar, Yilan Huang, Di Xiong, Jie Shen, Linyu Zhou, Lisa Siqueiros, Mario Guerroro, Marc I Rosen, Honghu Liu<\/p>\n<p><strong>Title<\/strong>: <a href=\"https:\/\/urldefense.com\/v3\/__https:\/pubmed.ncbi.nlm.nih.gov\/36942748\/__;!!K-Hz7m0Vt54!l_SEqYvp__DhmF6LewGnOcII5F7MafQGvTjxiugLD07aTyT6JEDPcdV9q81ZXX7sSalGf6KrfUpmrQ$\">Mixed methods evaluation of an oral health education program for pediatric dental, medical and nursing providers<\/a><br \/>\n<strong>Journal<\/strong>: Journal of Dental Education<br \/>\n<strong>Authors<\/strong>: Francisco Ramos Gomez, Janni J Kinsler, Laurie Love-Bibbero, Cambria Garell, Yan Wang, Nancy A Pike<\/p>\n<p><strong>Title<\/strong>: <a href=\"https:\/\/urldefense.com\/v3\/__https:\/www.annalsofglobalhealth.org\/articles\/10.5334\/aogh.3903\/__;!!K-Hz7m0Vt54!lhiSw8VPaP-XQrEMx2-itPNSBrUkrcNURnTFR4aJ77vnRr7_xdulFuy3VGI75ygJjr8E3ZwxjA9l6Q$\">Geospatial Analysis of Dental Access and Workforce Distribution in Kenya<\/a><br \/>\n<strong>Journal<\/strong>: Annal of Global Health<br \/>\n<strong>Authors<\/strong>: Brenda A. Okumu , Marc Tennant, Estie Kruger, Arthur M. Kemoli, Frank A. Roberts, Ana L. Seminario<\/p>\n<p><strong>Title<\/strong>: <a href=\"https:\/\/urldefense.com\/v3\/__https:\/journals.plos.org\/plosone\/article?id=10.1371*journal.pone.0275663__;Lw!!K-Hz7m0Vt54!lhiSw8VPaP-XQrEMx2-itPNSBrUkrcNURnTFR4aJ77vnRr7_xdulFuy3VGI75ygJjr8E3ZwtqXmWZw$\">The effect of antiretroviral therapy initiation on vitamin D levels and four oral diseases among Kenyan children and adolescents living with HIV<\/a><br \/>\n<strong>Journal<\/strong>: PLoS One<br \/>\n<strong>Authors<\/strong>: Ana Lucia Seminario ,Arthur Kemoli, Walter Fuentes, Yan Wang, Poojashree Rajanbabu, Dalton Wamalwa, Sarah Benki-Nugent, Grace John-Stewart, Jennifer A. Slyker<\/p>\n<p><strong>Title:<\/strong> <a href=\"https:\/\/urldefense.com\/v3\/__https:\/bmcoralhealth.biomedcentral.com\/articles\/10.1186\/s12903-022-02677-2__;!!K-Hz7m0Vt54!lhiSw8VPaP-XQrEMx2-itPNSBrUkrcNURnTFR4aJ77vnRr7_xdulFuy3VGI75ygJjr8E3ZwtJfwoWw$\">Oral health status and barriers to oral healthcare among children with cerebral palsy attending a health care center in Kampala, Uganda<\/a><br \/>\n<strong>Journal<\/strong>: BMC Oral Health<br \/>\n<strong>Authors<\/strong>: S. M. Kachwinya, A. M. Kemoli, R. Owino, I. Okullo, J. Bermudez &amp; A. L. Seminario<\/p>\n","protected":false},"excerpt":{"rendered":"<p>Title: High Performance Liquid Chromatography Analysis of the Active Ingredients and Evaluation of Anti-caries Potential of Thai Propolis Extracts Journal: Acta Med Philipp Authors: John Erick B Quiniquini, Waraporn Putalun, Waranuch Pitiphat, Nutthapong Kantrong, Suttichai Krisanaprakornkit, Pattama Chailertvanitkul Title: Determinants of feasibility, acceptability and reach of mobile phone delivery of an Adolescent Transition Package (ATP) supporting the transition of youth living with HIV to adult HIV care in Kenya during the COVID-19 pandemic Journal: BMC Health Serv Res Authors: Dorothy&#8230;<\/p>\n","protected":false},"author":2,"featured_media":0,"parent":0,"menu_order":0,"comment_status":"closed","ping_status":"closed","template":"","meta":{"_acf_changed":false,"footnotes":""},"class_list":["post-2066","page","type-page","status-publish","hentry"],"acf":[],"yoast_head":"<!-- This site is optimized with the Yoast SEO plugin v27.3 - https:\/\/yoast.com\/product\/yoast-seo-wordpress\/ -->\n<title>Publications - DeRouen Center for Global Oral Health<\/title>\n<meta name=\"description\" content=\"The DeRouen Center improves the quality of life by promoting collaboration and inclusion in oral and craniofacial research that impacts global health.\" \/>\n<meta name=\"robots\" content=\"index, follow, max-snippet:-1, max-image-preview:large, max-video-preview:-1\" \/>\n<link rel=\"canonical\" href=\"https:\/\/research.dental.uw.edu\/derouencenter\/publications\/\" \/>\n<meta property=\"og:locale\" content=\"en_US\" \/>\n<meta property=\"og:type\" content=\"article\" \/>\n<meta property=\"og:title\" content=\"Publications - DeRouen Center for Global Oral Health\" \/>\n<meta property=\"og:description\" content=\"The DeRouen Center improves the quality of life by promoting collaboration and inclusion in oral and craniofacial research that impacts global health.\" \/>\n<meta property=\"og:url\" content=\"https:\/\/research.dental.uw.edu\/derouencenter\/publications\/\" \/>\n<meta property=\"og:site_name\" content=\"DeRouen Center for Global Oral Health\" \/>\n<meta property=\"article:publisher\" content=\"https:\/\/www.facebook.com\/DeRouenCenter\/\" \/>\n<meta property=\"article:modified_time\" content=\"2025-11-05T20:57:22+00:00\" \/>\n<meta property=\"og:image\" content=\"https:\/\/research.dental.uw.edu\/derouencenter\/wp-content\/uploads\/sites\/5\/2022\/09\/UW_DeRouen_image-21.jpg\" \/>\n\t<meta property=\"og:image:width\" content=\"1920\" \/>\n\t<meta property=\"og:image:height\" content=\"768\" \/>\n\t<meta property=\"og:image:type\" content=\"image\/jpeg\" \/>\n<meta name=\"twitter:card\" content=\"summary_large_image\" \/>\n<meta name=\"twitter:label1\" content=\"Est. reading time\" \/>\n\t<meta name=\"twitter:data1\" content=\"4 minutes\" \/>\n<script type=\"application\/ld+json\" class=\"yoast-schema-graph\">{\"@context\":\"https:\\\/\\\/schema.org\",\"@graph\":[{\"@type\":\"WebPage\",\"@id\":\"https:\\\/\\\/research.dental.uw.edu\\\/derouencenter\\\/publications\\\/\",\"url\":\"https:\\\/\\\/research.dental.uw.edu\\\/derouencenter\\\/publications\\\/\",\"name\":\"Publications - DeRouen Center for Global Oral Health\",\"isPartOf\":{\"@id\":\"https:\\\/\\\/research.dental.uw.edu\\\/derouencenter\\\/#website\"},\"datePublished\":\"2023-03-09T17:03:43+00:00\",\"dateModified\":\"2025-11-05T20:57:22+00:00\",\"description\":\"The DeRouen Center improves the quality of life by promoting collaboration and inclusion in oral and craniofacial research that impacts global health.\",\"breadcrumb\":{\"@id\":\"https:\\\/\\\/research.dental.uw.edu\\\/derouencenter\\\/publications\\\/#breadcrumb\"},\"inLanguage\":\"en-US\",\"potentialAction\":[{\"@type\":\"ReadAction\",\"target\":[\"https:\\\/\\\/research.dental.uw.edu\\\/derouencenter\\\/publications\\\/\"]}]},{\"@type\":\"BreadcrumbList\",\"@id\":\"https:\\\/\\\/research.dental.uw.edu\\\/derouencenter\\\/publications\\\/#breadcrumb\",\"itemListElement\":[{\"@type\":\"ListItem\",\"position\":1,\"name\":\"Home\",\"item\":\"https:\\\/\\\/research.dental.uw.edu\\\/derouencenter\\\/\"},{\"@type\":\"ListItem\",\"position\":2,\"name\":\"Publications\"}]},{\"@type\":\"WebSite\",\"@id\":\"https:\\\/\\\/research.dental.uw.edu\\\/derouencenter\\\/#website\",\"url\":\"https:\\\/\\\/research.dental.uw.edu\\\/derouencenter\\\/\",\"name\":\"DeRouen Center for Global Oral Health\",\"description\":\"\",\"publisher\":{\"@id\":\"https:\\\/\\\/research.dental.uw.edu\\\/derouencenter\\\/#organization\"},\"potentialAction\":[{\"@type\":\"SearchAction\",\"target\":{\"@type\":\"EntryPoint\",\"urlTemplate\":\"https:\\\/\\\/research.dental.uw.edu\\\/derouencenter\\\/?s={search_term_string}\"},\"query-input\":{\"@type\":\"PropertyValueSpecification\",\"valueRequired\":true,\"valueName\":\"search_term_string\"}}],\"inLanguage\":\"en-US\"},{\"@type\":\"Organization\",\"@id\":\"https:\\\/\\\/research.dental.uw.edu\\\/derouencenter\\\/#organization\",\"name\":\"DeRouen Center for Global Oral Health\",\"url\":\"https:\\\/\\\/research.dental.uw.edu\\\/derouencenter\\\/\",\"logo\":{\"@type\":\"ImageObject\",\"inLanguage\":\"en-US\",\"@id\":\"https:\\\/\\\/research.dental.uw.edu\\\/derouencenter\\\/#\\\/schema\\\/logo\\\/image\\\/\",\"url\":\"https:\\\/\\\/research.dental.uw.edu\\\/derouencenter\\\/wp-content\\\/uploads\\\/sites\\\/5\\\/2017\\\/07\\\/drouen.png\",\"contentUrl\":\"https:\\\/\\\/research.dental.uw.edu\\\/derouencenter\\\/wp-content\\\/uploads\\\/sites\\\/5\\\/2017\\\/07\\\/drouen.png\",\"width\":250,\"height\":250,\"caption\":\"DeRouen Center for Global Oral Health\"},\"image\":{\"@id\":\"https:\\\/\\\/research.dental.uw.edu\\\/derouencenter\\\/#\\\/schema\\\/logo\\\/image\\\/\"},\"sameAs\":[\"https:\\\/\\\/www.facebook.com\\\/DeRouenCenter\\\/\"]}]}<\/script>\n<!-- \/ Yoast SEO plugin. -->","yoast_head_json":{"title":"Publications - DeRouen Center for Global Oral Health","description":"The DeRouen Center improves the quality of life by promoting collaboration and inclusion in oral and craniofacial research that impacts global health.","robots":{"index":"index","follow":"follow","max-snippet":"max-snippet:-1","max-image-preview":"max-image-preview:large","max-video-preview":"max-video-preview:-1"},"canonical":"https:\/\/research.dental.uw.edu\/derouencenter\/publications\/","og_locale":"en_US","og_type":"article","og_title":"Publications - DeRouen Center for Global Oral Health","og_description":"The DeRouen Center improves the quality of life by promoting collaboration and inclusion in oral and craniofacial research that impacts global health.","og_url":"https:\/\/research.dental.uw.edu\/derouencenter\/publications\/","og_site_name":"DeRouen Center for Global Oral Health","article_publisher":"https:\/\/www.facebook.com\/DeRouenCenter\/","article_modified_time":"2025-11-05T20:57:22+00:00","og_image":[{"width":1920,"height":768,"url":"https:\/\/research.dental.uw.edu\/derouencenter\/wp-content\/uploads\/sites\/5\/2022\/09\/UW_DeRouen_image-21.jpg","type":"image\/jpeg"}],"twitter_card":"summary_large_image","twitter_misc":{"Est. reading time":"4 minutes"},"schema":{"@context":"https:\/\/schema.org","@graph":[{"@type":"WebPage","@id":"https:\/\/research.dental.uw.edu\/derouencenter\/publications\/","url":"https:\/\/research.dental.uw.edu\/derouencenter\/publications\/","name":"Publications - DeRouen Center for Global Oral Health","isPartOf":{"@id":"https:\/\/research.dental.uw.edu\/derouencenter\/#website"},"datePublished":"2023-03-09T17:03:43+00:00","dateModified":"2025-11-05T20:57:22+00:00","description":"The DeRouen Center improves the quality of life by promoting collaboration and inclusion in oral and craniofacial research that impacts global health.","breadcrumb":{"@id":"https:\/\/research.dental.uw.edu\/derouencenter\/publications\/#breadcrumb"},"inLanguage":"en-US","potentialAction":[{"@type":"ReadAction","target":["https:\/\/research.dental.uw.edu\/derouencenter\/publications\/"]}]},{"@type":"BreadcrumbList","@id":"https:\/\/research.dental.uw.edu\/derouencenter\/publications\/#breadcrumb","itemListElement":[{"@type":"ListItem","position":1,"name":"Home","item":"https:\/\/research.dental.uw.edu\/derouencenter\/"},{"@type":"ListItem","position":2,"name":"Publications"}]},{"@type":"WebSite","@id":"https:\/\/research.dental.uw.edu\/derouencenter\/#website","url":"https:\/\/research.dental.uw.edu\/derouencenter\/","name":"DeRouen Center for Global Oral Health","description":"","publisher":{"@id":"https:\/\/research.dental.uw.edu\/derouencenter\/#organization"},"potentialAction":[{"@type":"SearchAction","target":{"@type":"EntryPoint","urlTemplate":"https:\/\/research.dental.uw.edu\/derouencenter\/?s={search_term_string}"},"query-input":{"@type":"PropertyValueSpecification","valueRequired":true,"valueName":"search_term_string"}}],"inLanguage":"en-US"},{"@type":"Organization","@id":"https:\/\/research.dental.uw.edu\/derouencenter\/#organization","name":"DeRouen Center for Global Oral Health","url":"https:\/\/research.dental.uw.edu\/derouencenter\/","logo":{"@type":"ImageObject","inLanguage":"en-US","@id":"https:\/\/research.dental.uw.edu\/derouencenter\/#\/schema\/logo\/image\/","url":"https:\/\/research.dental.uw.edu\/derouencenter\/wp-content\/uploads\/sites\/5\/2017\/07\/drouen.png","contentUrl":"https:\/\/research.dental.uw.edu\/derouencenter\/wp-content\/uploads\/sites\/5\/2017\/07\/drouen.png","width":250,"height":250,"caption":"DeRouen Center for Global Oral Health"},"image":{"@id":"https:\/\/research.dental.uw.edu\/derouencenter\/#\/schema\/logo\/image\/"},"sameAs":["https:\/\/www.facebook.com\/DeRouenCenter\/"]}]}},"_links":{"self":[{"href":"https:\/\/research.dental.uw.edu\/derouencenter\/wp-json\/wp\/v2\/pages\/2066","targetHints":{"allow":["GET"]}}],"collection":[{"href":"https:\/\/research.dental.uw.edu\/derouencenter\/wp-json\/wp\/v2\/pages"}],"about":[{"href":"https:\/\/research.dental.uw.edu\/derouencenter\/wp-json\/wp\/v2\/types\/page"}],"author":[{"embeddable":true,"href":"https:\/\/research.dental.uw.edu\/derouencenter\/wp-json\/wp\/v2\/users\/2"}],"replies":[{"embeddable":true,"href":"https:\/\/research.dental.uw.edu\/derouencenter\/wp-json\/wp\/v2\/comments?post=2066"}],"version-history":[{"count":0,"href":"https:\/\/research.dental.uw.edu\/derouencenter\/wp-json\/wp\/v2\/pages\/2066\/revisions"}],"wp:attachment":[{"href":"https:\/\/research.dental.uw.edu\/derouencenter\/wp-json\/wp\/v2\/media?parent=2066"}],"curies":[{"name":"wp","href":"https:\/\/api.w.org\/{rel}","templated":true}]}}