{"id":341,"date":"2017-09-28T21:01:17","date_gmt":"2017-09-28T21:01:17","guid":{"rendered":"http:\/\/research.dental.uw.edu\/derouencenter\/?page_id=341"},"modified":"2022-09-02T00:56:43","modified_gmt":"2022-09-02T00:56:43","slug":"blog","status":"publish","type":"page","link":"https:\/\/research.dental.uw.edu\/derouencenter\/blog\/","title":{"rendered":"Blog"},"content":{"rendered":"<div class=\"query query-blog2-wrapper \">\n<div class=\"query-wrapper-content\">\n<div class=\"query-content\">\n<div class=\"query-unformatted query-blog2\">\n<div class=\"query-row query-row-even query-row-0 query-row-first\">\n<div class=\"query-field query-field-post_excerpt\">\n<div class=\"row\" >\n<div class=\"col-md-10\">\n<h2 class=\"news\">Do the best you can in space you occupy<\/h2>\n<\/div>\n<\/div>\n<div class=\"row mt-3 mb-1\" >\n<div class=\"col-md-2 mb-1 mr-1\">\n<img loading=\"lazy\" decoding=\"async\" width=\"150\" height=\"150\" src=\"https:\/\/research.dental.uw.edu\/derouencenter\/wp-content\/uploads\/sites\/5\/2026\/01\/BlogJan2026Card-150x150.jpg\" class=\"attachment-thumbnail size-thumbnail\" alt=\"\" sizes=\"auto, 100vw\" \/>\n<\/div>\n<div class=\"col-md-9\">\n<p>There is still a great deal to be done to improve health globally. Some challenges have relatively straightforward solutions on paper, while others require deeper thought and sustained effort. <a href=\"https:\/\/research.dental.uw.edu\/derouencenter\/do-the-best-you-can-in-space-you-occupy\/\">Read more about  Kristina Wanyonyi-Kay &#187; <\/a><\/p>\n<\/div>\n<\/div>\n<div class=\"row\" >\n<div class=\"col-md-10 mb-3\">\n<hr\/>\n<\/div>\n<\/div>\n<\/div>\n<\/div>\n<div class=\"query-row query-row-odd query-row-1\">\n<div class=\"query-field query-field-post_excerpt\">\n<div class=\"row\" >\n<div class=\"col-md-10\">\n<h2 class=\"news\">Local Clinics to Global Health: Bridging Oral Care &#038; Public Health<\/h2>\n<\/div>\n<\/div>\n<div class=\"row mt-3 mb-1\" >\n<div class=\"col-md-2 mb-1 mr-1\">\n<img loading=\"lazy\" decoding=\"async\" width=\"150\" height=\"150\" src=\"https:\/\/research.dental.uw.edu\/derouencenter\/wp-content\/uploads\/sites\/5\/2025\/10\/Nafiseh-Najmafshar1-150x150.jpg\" class=\"attachment-thumbnail size-thumbnail\" alt=\"Dr. Nafiseh Najmafshar, DDS\" sizes=\"auto, 100vw\" \/>\n<\/div>\n<div class=\"col-md-9\">\n<p>\n\u201cEvery smile tells a story of health.\u201d This belief has guided my journey from clinical dentistry in Iran to public health research in the United States. My name is Nafiseh Najmafshar, and I am a dentist currently pursuing a Master of Public Health while conducting research at the University of Washington School of Dentistry. <a href=\"https:\/\/research.dental.uw.edu\/derouencenter\/local-clinics-to-global-health-bridging-oral-care-public-health\/\">Read more about  Nafiseh Najmafshar &#187; <\/a><\/p>\n<\/div>\n<\/div>\n<div class=\"row\" >\n<div class=\"col-md-10 mb-3\">\n<hr\/>\n<\/div>\n<\/div>\n<\/div>\n<\/div>\n<div class=\"query-row query-row-even query-row-2\">\n<div class=\"query-field query-field-post_excerpt\">\n<div class=\"row\" >\n<div class=\"col-md-10\">\n<h2 class=\"news\">A 30-year Journey in Global Health Research<\/h2>\n<\/div>\n<\/div>\n<div class=\"row mt-3 mb-1\" >\n<div class=\"col-md-2 mb-1 mr-1\">\n<img loading=\"lazy\" decoding=\"async\" width=\"150\" height=\"150\" src=\"https:\/\/research.dental.uw.edu\/derouencenter\/wp-content\/uploads\/sites\/5\/2025\/08\/Caroline-Shiboski1-150x150.jpg\" class=\"attachment-thumbnail size-thumbnail\" alt=\"Dr. Caroline Shiboski, DDS, PhD, MPH\" sizes=\"auto, 100vw\" \/>\n<\/div>\n<div class=\"col-md-9\">\n<p>As a clinician-scientist with expertise in oral medicine and epidemiology, my research experience focuses on the oral complications of various forms of immune dysfunction. Although I was born in Denmark (from a Danish mom and a French dad) my journey as a dentist started in France where I spent my formative years and young adulthood, attending dental school at the Universit\u00e9 Ren\u00e9 Descartes Paris V. <a href=\"https:\/\/research.dental.uw.edu\/derouencenter\/a-30-year-journey-in-global-health-research\/\">Read more about  Dr. Caroline Shiboski &#187; <\/a><\/p>\n<\/div>\n<\/div>\n<div class=\"row\" >\n<div class=\"col-md-10 mb-3\">\n<hr\/>\n<\/div>\n<\/div>\n<\/div>\n<\/div>\n<div class=\"query-row query-row-odd query-row-3\">\n<div class=\"query-field query-field-post_excerpt\">\n<div class=\"row\" >\n<div class=\"col-md-10\">\n<h2 class=\"news\">Dr. Christy McKinney\u2019s Oral Health Journey<\/h2>\n<\/div>\n<\/div>\n<div class=\"row mt-3 mb-1\" >\n<div class=\"col-md-2 mb-1 mr-1\">\n<img loading=\"lazy\" decoding=\"async\" width=\"150\" height=\"150\" src=\"https:\/\/research.dental.uw.edu\/derouencenter\/wp-content\/uploads\/sites\/5\/2025\/05\/Christy-Mckinney-5-150x150.jpg\" class=\"attachment-thumbnail size-thumbnail\" alt=\"Christy McKinney (center) with Waranuch Pitiphat (left) and Susan Coldwell (right) at the 10th International Workshop on Clinical Research Methods in Oral Health in Khon Kaen, Thailand.\" sizes=\"auto, 100vw\" \/>\n<\/div>\n<div class=\"col-md-9\">\n<p>I am an epidemiologist and clinical and population health researcher and innovator. My principal areas of research are at the intersection of oral health (dental and craniofacial), nutrition and growth, and environmental exposures. <a href=\"https:\/\/research.dental.uw.edu\/derouencenter\/dr-christy-mckinneys-oral-health-journey\/\">Read more about  Dr. Christy McKinney &#187; <\/a><\/p>\n<\/div>\n<\/div>\n<div class=\"row\" >\n<div class=\"col-md-10 mb-3\">\n<hr\/>\n<\/div>\n<\/div>\n<\/div>\n<\/div>\n<div class=\"query-row query-row-even query-row-4\">\n<div class=\"query-field query-field-post_excerpt\">\n<div class=\"row\" >\n<div class=\"col-md-10\">\n<h2 class=\"news\">Dr. Maritess Oliveros-Villarico Talks about her Journey in Oral Health Research<\/h2>\n<\/div>\n<\/div>\n<div class=\"row mt-3 mb-1\" >\n<div class=\"col-md-2 mb-1 mr-1\">\n<img loading=\"lazy\" decoding=\"async\" width=\"150\" height=\"150\" src=\"https:\/\/research.dental.uw.edu\/derouencenter\/wp-content\/uploads\/sites\/5\/2025\/02\/TessContrast1-150x150.jpg\" class=\"attachment-thumbnail size-thumbnail\" alt=\"Dr. Oliveros-Villarico (left) performs an oral health exam\" sizes=\"auto, 100vw\" \/>\n<\/div>\n<div class=\"col-md-9\">\n<p>Mabuhay from Manila! When I decided to pursue a PhD in Oral Sciences at the Khon Kaen University (KKU) in Thailand, this led me to understand and appreciate research in a different light. <a href=\"https:\/\/research.dental.uw.edu\/derouencenter\/dr-maritess-oliveros-villarico-talks-about-her-journey-in-oral-health-research\/\">Read more about  Dr. Maritess Oliveros-Villarico &#187; <\/a><\/p>\n<\/div>\n<\/div>\n<div class=\"row\" >\n<div class=\"col-md-10 mb-3\">\n<hr\/>\n<\/div>\n<\/div>\n<\/div>\n<\/div>\n<div class=\"query-row query-row-odd query-row-5\">\n<div class=\"query-field query-field-post_excerpt\">\n<div class=\"row\" >\n<div class=\"col-md-10\">\n<h2 class=\"news\">Visiting Timothy A. DeRouen Center Changed My Perspective on Global Health Research<\/h2>\n<\/div>\n<\/div>\n<div class=\"row mt-3 mb-1\" >\n<div class=\"col-md-2 mb-1 mr-1\">\n<img loading=\"lazy\" decoding=\"async\" width=\"150\" height=\"150\" src=\"https:\/\/research.dental.uw.edu\/derouencenter\/wp-content\/uploads\/sites\/5\/2024\/10\/Natalia-ValverdeCard-150x150.jpg\" class=\"attachment-thumbnail size-thumbnail\" alt=\"Natalia Valverde\" sizes=\"auto, 100vw\" \/>\n<\/div>\n<div class=\"col-md-9\">\n<p>Greetings from Peru. My name is Natalia Valverde Espinoza, and I am a midwife with a master\u2019s degree in Teaching and Research in Health.  <a href=\"https:\/\/research.dental.uw.edu\/derouencenter\/visiting-derouen-center-changed-my-perspective-on-global-health-research\/\">Read more about  Natalia Valverde &#187; <\/a><\/p>\n<\/div>\n<\/div>\n<div class=\"row\" >\n<div class=\"col-md-10 mb-3\">\n<hr\/>\n<\/div>\n<\/div>\n<\/div>\n<\/div>\n<div class=\"query-row query-row-even query-row-6\">\n<div class=\"query-field query-field-post_excerpt\">\n<div class=\"row\" >\n<div class=\"col-md-10\">\n<h2 class=\"news\">From Dental Chair to Global Care: Experience the unparalleled joy of giving back<\/h2>\n<\/div>\n<\/div>\n<div class=\"row mt-3 mb-1\" >\n<div class=\"col-md-2 mb-1 mr-1\">\n<img loading=\"lazy\" decoding=\"async\" width=\"150\" height=\"150\" src=\"https:\/\/research.dental.uw.edu\/derouencenter\/wp-content\/uploads\/sites\/5\/2024\/07\/Divya-Kannappan-1-150x150.jpg\" class=\"attachment-thumbnail size-thumbnail\" alt=\"Dr. Kannappan has volunteered for mobile dental clinics.\" sizes=\"auto, 100vw\" \/>\n<\/div>\n<div class=\"col-md-9\">\n<p>My name is Divya Kannappan and I\u2019m a recent graduate from the University of Washington School of Dentistry. Welcome to my journey, where passion for dentistry meets a commitment to global health. <a href=\"https:\/\/research.dental.uw.edu\/derouencenter\/from-dental-chair-to-global-care-experience-the-unparalleled-joy-of-giving-back\/\">Read more about  Divya Kannappan &#187; <\/a><\/p>\n<\/div>\n<\/div>\n<div class=\"row\" >\n<div class=\"col-md-10 mb-3\">\n<hr\/>\n<\/div>\n<\/div>\n<\/div>\n<\/div>\n<div class=\"query-row query-row-odd query-row-7\">\n<div class=\"query-field query-field-post_excerpt\">\n<div class=\"row\" >\n<div class=\"col-md-10\">\n<h2 class=\"news\">From Dental Dreams to Global Health: My Journey &#038; Research in Kenya<\/h2>\n<\/div>\n<\/div>\n<div class=\"row mt-3 mb-1\" >\n<div class=\"col-md-2 mb-1 mr-1\">\n<img loading=\"lazy\" decoding=\"async\" width=\"150\" height=\"150\" src=\"https:\/\/research.dental.uw.edu\/derouencenter\/wp-content\/uploads\/sites\/5\/2024\/04\/Noor-5-150x150.jpg\" class=\"attachment-thumbnail size-thumbnail\" alt=\"Harnoor Mahal is a 4th-year University of Washington dental student graduating this Spring.\" sizes=\"auto, 100vw\" \/>\n<\/div>\n<div class=\"col-md-9\">\n<p>Greetings from Seattle! My name is Harnoor Mahal and I am a fourth-year dental student at the University of Washington School of Dentistry. <a href=\"https:\/\/research.dental.uw.edu\/derouencenter\/from-dental-dreams-to-global-health-my-journey-research-in-kenya\/\">Read more about  Harnoor Mahal &#187; <\/a><\/p>\n<\/div>\n<\/div>\n<div class=\"row\" >\n<div class=\"col-md-10 mb-3\">\n<hr\/>\n<\/div>\n<\/div>\n<\/div>\n<\/div>\n<div class=\"query-row query-row-even query-row-8\">\n<div class=\"query-field query-field-post_excerpt\">\n<div class=\"row\" >\n<div class=\"col-md-10\">\n<h2 class=\"news\">Transitioning from examining issues in oral health to embracing a perspective of empathy<\/h2>\n<\/div>\n<\/div>\n<div class=\"row mt-3 mb-1\" >\n<div class=\"col-md-2 mb-1 mr-1\">\n<img loading=\"lazy\" decoding=\"async\" width=\"150\" height=\"150\" src=\"https:\/\/research.dental.uw.edu\/derouencenter\/wp-content\/uploads\/sites\/5\/2024\/01\/Maria-Claudia-Card-150x150.jpg\" class=\"attachment-thumbnail size-thumbnail\" alt=\"Mar\u00eda Claudia Garc\u00e9s-El\u00edas, DDS, MBA, Faculty of Dentistry, Universidad Peruana Cayetano Heredia\" sizes=\"auto, 100vw\" \/>\n<\/div>\n<div class=\"col-md-9\">\n<p>Greetings from Peru. My name is Mar\u00eda Claudia Garc\u00e9s-El\u00edas, a graduate in dentistry from the San Luis Gonzaga de Ica National University.  <a href=\"https:\/\/research.dental.uw.edu\/derouencenter\/transitioning-from-examining-issues-in-oral-health-to-embracing-a-perspective-of-empathy\/\">Read more about  Mar\u00eda Claudia Garc\u00e9s-El\u00edas &#187; <\/a><\/p>\n<\/div>\n<\/div>\n<div class=\"row\" >\n<div class=\"col-md-10 mb-3\">\n<hr\/>\n<\/div>\n<\/div>\n<\/div>\n<\/div>\n<div class=\"query-row query-row-odd query-row-9 query-row-last\">\n<div class=\"query-field query-field-post_excerpt\">\n<div class=\"row\" >\n<div class=\"col-md-10\">\n<h2 class=\"news\">A molecular microbiologist in oral health research<\/h2>\n<\/div>\n<\/div>\n<div class=\"row mt-3 mb-1\" >\n<div class=\"col-md-2 mb-1 mr-1\">\n<img loading=\"lazy\" decoding=\"async\" width=\"150\" height=\"150\" src=\"https:\/\/research.dental.uw.edu\/derouencenter\/wp-content\/uploads\/sites\/5\/2023\/10\/Noon-feature-150x150.jpg\" class=\"attachment-thumbnail size-thumbnail\" alt=\"Dr. Oranart Matangkasombut (2nd from right) and colleagues.\" sizes=\"auto, 100vw\" \/>\n<\/div>\n<div class=\"col-md-9\">\n<p>Greetings from Bangkok, Thailand! My name is Oranart Matangkasombut, and Noon is my nickname. I am currently an Associate Professor in Microbiology, chairperson of the Center of Excellence on Oral Microbiology and Immunology at the Faculty of Dentistry, Chulalongkorn University, and Fellow\u00a0of the Royal\u00a0College of Dental Surgeons\u00a0of\u00a0Thailand in Dental Public Health. <a href=\"https:\/\/research.dental.uw.edu\/derouencenter\/a-molecular-microbiologist-in-oral-health-research\/\">Read more about  Oranart Matangkasombut &#187; <\/a><\/p>\n<\/div>\n<\/div>\n<div class=\"row\" >\n<div class=\"col-md-10 mb-3\">\n<hr\/>\n<\/div>\n<\/div>\n<\/div>\n<\/div>\n<\/div>\n<div class=\"query-pager pager-numbers\">\n\t\t\t\t\t<span aria-current=\"page\" class=\"page-numbers current\">1<\/span><br \/>\n<a class=\"page-numbers\" href=\"https:\/\/research.dental.uw.edu\/derouencenter\/wp-json\/wp\/v2\/pages\/341\/page\/2\/\">2<\/a><br \/>\n<a class=\"page-numbers\" href=\"https:\/\/research.dental.uw.edu\/derouencenter\/wp-json\/wp\/v2\/pages\/341\/page\/3\/\">3<\/a><br \/>\n<span class=\"page-numbers dots\">&hellip;<\/span><br \/>\n<a class=\"page-numbers\" href=\"https:\/\/research.dental.uw.edu\/derouencenter\/wp-json\/wp\/v2\/pages\/341\/page\/6\/\">6<\/a><br \/>\n<a class=\"next page-numbers\" href=\"https:\/\/research.dental.uw.edu\/derouencenter\/wp-json\/wp\/v2\/pages\/341\/page\/2\/\">Next &raquo;<\/a>\t\t\t\t<\/div>\n<\/p>\n<\/div>\n<\/div>\n<\/div>\n","protected":false},"excerpt":{"rendered":"","protected":false},"author":2,"featured_media":0,"parent":0,"menu_order":0,"comment_status":"closed","ping_status":"closed","template":"","meta":{"_acf_changed":false,"footnotes":""},"class_list":["post-341","page","type-page","status-publish","hentry"],"acf":[],"yoast_head":"<!-- This site is optimized with the Yoast SEO plugin v27.4 - https:\/\/yoast.com\/product\/yoast-seo-wordpress\/ -->\n<title>Blog - DeRouen Center for Global Oral Health<\/title>\n<meta name=\"description\" content=\"The DeRouen Center improves the quality of life by promoting collaboration and inclusion in oral and craniofacial research that impacts global health.\" \/>\n<meta name=\"robots\" content=\"index, follow, max-snippet:-1, max-image-preview:large, max-video-preview:-1\" \/>\n<link rel=\"canonical\" href=\"https:\/\/research.dental.uw.edu\/derouencenter\/blog\/\" \/>\n<meta property=\"og:locale\" content=\"en_US\" \/>\n<meta property=\"og:type\" content=\"article\" \/>\n<meta property=\"og:title\" content=\"Blog - DeRouen Center for Global Oral Health\" \/>\n<meta property=\"og:description\" content=\"The DeRouen Center improves the quality of life by promoting collaboration and inclusion in oral and craniofacial research that impacts global health.\" \/>\n<meta property=\"og:url\" content=\"https:\/\/research.dental.uw.edu\/derouencenter\/blog\/\" \/>\n<meta property=\"og:site_name\" content=\"DeRouen Center for Global Oral Health\" \/>\n<meta property=\"article:publisher\" content=\"https:\/\/www.facebook.com\/DeRouenCenter\/\" \/>\n<meta property=\"article:modified_time\" content=\"2022-09-02T00:56:43+00:00\" \/>\n<meta property=\"og:image\" content=\"https:\/\/research.dental.uw.edu\/derouencenter\/wp-content\/uploads\/sites\/5\/2022\/09\/UW_DeRouen_image-21.jpg\" \/>\n\t<meta property=\"og:image:width\" content=\"1920\" \/>\n\t<meta property=\"og:image:height\" content=\"768\" \/>\n\t<meta property=\"og:image:type\" content=\"image\/jpeg\" \/>\n<meta name=\"twitter:card\" content=\"summary_large_image\" \/>\n<meta name=\"twitter:label1\" content=\"Est. reading time\" \/>\n\t<meta name=\"twitter:data1\" content=\"1 minute\" \/>\n<script type=\"application\/ld+json\" class=\"yoast-schema-graph\">{\"@context\":\"https:\\\/\\\/schema.org\",\"@graph\":[{\"@type\":\"WebPage\",\"@id\":\"https:\\\/\\\/research.dental.uw.edu\\\/derouencenter\\\/blog\\\/\",\"url\":\"https:\\\/\\\/research.dental.uw.edu\\\/derouencenter\\\/blog\\\/\",\"name\":\"Blog - DeRouen Center for Global Oral Health\",\"isPartOf\":{\"@id\":\"https:\\\/\\\/research.dental.uw.edu\\\/derouencenter\\\/#website\"},\"datePublished\":\"2017-09-28T21:01:17+00:00\",\"dateModified\":\"2022-09-02T00:56:43+00:00\",\"description\":\"The DeRouen Center improves the quality of life by promoting collaboration and inclusion in oral and craniofacial research that impacts global health.\",\"breadcrumb\":{\"@id\":\"https:\\\/\\\/research.dental.uw.edu\\\/derouencenter\\\/blog\\\/#breadcrumb\"},\"inLanguage\":\"en-US\",\"potentialAction\":[{\"@type\":\"ReadAction\",\"target\":[\"https:\\\/\\\/research.dental.uw.edu\\\/derouencenter\\\/blog\\\/\"]}]},{\"@type\":\"BreadcrumbList\",\"@id\":\"https:\\\/\\\/research.dental.uw.edu\\\/derouencenter\\\/blog\\\/#breadcrumb\",\"itemListElement\":[{\"@type\":\"ListItem\",\"position\":1,\"name\":\"Home\",\"item\":\"https:\\\/\\\/research.dental.uw.edu\\\/derouencenter\\\/\"},{\"@type\":\"ListItem\",\"position\":2,\"name\":\"Blog\"}]},{\"@type\":\"WebSite\",\"@id\":\"https:\\\/\\\/research.dental.uw.edu\\\/derouencenter\\\/#website\",\"url\":\"https:\\\/\\\/research.dental.uw.edu\\\/derouencenter\\\/\",\"name\":\"DeRouen Center for Global Oral Health\",\"description\":\"\",\"publisher\":{\"@id\":\"https:\\\/\\\/research.dental.uw.edu\\\/derouencenter\\\/#organization\"},\"potentialAction\":[{\"@type\":\"SearchAction\",\"target\":{\"@type\":\"EntryPoint\",\"urlTemplate\":\"https:\\\/\\\/research.dental.uw.edu\\\/derouencenter\\\/?s={search_term_string}\"},\"query-input\":{\"@type\":\"PropertyValueSpecification\",\"valueRequired\":true,\"valueName\":\"search_term_string\"}}],\"inLanguage\":\"en-US\"},{\"@type\":\"Organization\",\"@id\":\"https:\\\/\\\/research.dental.uw.edu\\\/derouencenter\\\/#organization\",\"name\":\"DeRouen Center for Global Oral Health\",\"url\":\"https:\\\/\\\/research.dental.uw.edu\\\/derouencenter\\\/\",\"logo\":{\"@type\":\"ImageObject\",\"inLanguage\":\"en-US\",\"@id\":\"https:\\\/\\\/research.dental.uw.edu\\\/derouencenter\\\/#\\\/schema\\\/logo\\\/image\\\/\",\"url\":\"https:\\\/\\\/research.dental.uw.edu\\\/derouencenter\\\/wp-content\\\/uploads\\\/sites\\\/5\\\/2017\\\/07\\\/drouen.png\",\"contentUrl\":\"https:\\\/\\\/research.dental.uw.edu\\\/derouencenter\\\/wp-content\\\/uploads\\\/sites\\\/5\\\/2017\\\/07\\\/drouen.png\",\"width\":250,\"height\":250,\"caption\":\"DeRouen Center for Global Oral Health\"},\"image\":{\"@id\":\"https:\\\/\\\/research.dental.uw.edu\\\/derouencenter\\\/#\\\/schema\\\/logo\\\/image\\\/\"},\"sameAs\":[\"https:\\\/\\\/www.facebook.com\\\/DeRouenCenter\\\/\"]}]}<\/script>\n<!-- \/ Yoast SEO plugin. -->","yoast_head_json":{"title":"Blog - DeRouen Center for Global Oral Health","description":"The DeRouen Center improves the quality of life by promoting collaboration and inclusion in oral and craniofacial research that impacts global health.","robots":{"index":"index","follow":"follow","max-snippet":"max-snippet:-1","max-image-preview":"max-image-preview:large","max-video-preview":"max-video-preview:-1"},"canonical":"https:\/\/research.dental.uw.edu\/derouencenter\/blog\/","og_locale":"en_US","og_type":"article","og_title":"Blog - DeRouen Center for Global Oral Health","og_description":"The DeRouen Center improves the quality of life by promoting collaboration and inclusion in oral and craniofacial research that impacts global health.","og_url":"https:\/\/research.dental.uw.edu\/derouencenter\/blog\/","og_site_name":"DeRouen Center for Global Oral Health","article_publisher":"https:\/\/www.facebook.com\/DeRouenCenter\/","article_modified_time":"2022-09-02T00:56:43+00:00","og_image":[{"width":1920,"height":768,"url":"https:\/\/research.dental.uw.edu\/derouencenter\/wp-content\/uploads\/sites\/5\/2022\/09\/UW_DeRouen_image-21.jpg","type":"image\/jpeg"}],"twitter_card":"summary_large_image","twitter_misc":{"Est. reading time":"1 minute"},"schema":{"@context":"https:\/\/schema.org","@graph":[{"@type":"WebPage","@id":"https:\/\/research.dental.uw.edu\/derouencenter\/blog\/","url":"https:\/\/research.dental.uw.edu\/derouencenter\/blog\/","name":"Blog - DeRouen Center for Global Oral Health","isPartOf":{"@id":"https:\/\/research.dental.uw.edu\/derouencenter\/#website"},"datePublished":"2017-09-28T21:01:17+00:00","dateModified":"2022-09-02T00:56:43+00:00","description":"The DeRouen Center improves the quality of life by promoting collaboration and inclusion in oral and craniofacial research that impacts global health.","breadcrumb":{"@id":"https:\/\/research.dental.uw.edu\/derouencenter\/blog\/#breadcrumb"},"inLanguage":"en-US","potentialAction":[{"@type":"ReadAction","target":["https:\/\/research.dental.uw.edu\/derouencenter\/blog\/"]}]},{"@type":"BreadcrumbList","@id":"https:\/\/research.dental.uw.edu\/derouencenter\/blog\/#breadcrumb","itemListElement":[{"@type":"ListItem","position":1,"name":"Home","item":"https:\/\/research.dental.uw.edu\/derouencenter\/"},{"@type":"ListItem","position":2,"name":"Blog"}]},{"@type":"WebSite","@id":"https:\/\/research.dental.uw.edu\/derouencenter\/#website","url":"https:\/\/research.dental.uw.edu\/derouencenter\/","name":"DeRouen Center for Global Oral Health","description":"","publisher":{"@id":"https:\/\/research.dental.uw.edu\/derouencenter\/#organization"},"potentialAction":[{"@type":"SearchAction","target":{"@type":"EntryPoint","urlTemplate":"https:\/\/research.dental.uw.edu\/derouencenter\/?s={search_term_string}"},"query-input":{"@type":"PropertyValueSpecification","valueRequired":true,"valueName":"search_term_string"}}],"inLanguage":"en-US"},{"@type":"Organization","@id":"https:\/\/research.dental.uw.edu\/derouencenter\/#organization","name":"DeRouen Center for Global Oral Health","url":"https:\/\/research.dental.uw.edu\/derouencenter\/","logo":{"@type":"ImageObject","inLanguage":"en-US","@id":"https:\/\/research.dental.uw.edu\/derouencenter\/#\/schema\/logo\/image\/","url":"https:\/\/research.dental.uw.edu\/derouencenter\/wp-content\/uploads\/sites\/5\/2017\/07\/drouen.png","contentUrl":"https:\/\/research.dental.uw.edu\/derouencenter\/wp-content\/uploads\/sites\/5\/2017\/07\/drouen.png","width":250,"height":250,"caption":"DeRouen Center for Global Oral Health"},"image":{"@id":"https:\/\/research.dental.uw.edu\/derouencenter\/#\/schema\/logo\/image\/"},"sameAs":["https:\/\/www.facebook.com\/DeRouenCenter\/"]}]}},"_links":{"self":[{"href":"https:\/\/research.dental.uw.edu\/derouencenter\/wp-json\/wp\/v2\/pages\/341","targetHints":{"allow":["GET"]}}],"collection":[{"href":"https:\/\/research.dental.uw.edu\/derouencenter\/wp-json\/wp\/v2\/pages"}],"about":[{"href":"https:\/\/research.dental.uw.edu\/derouencenter\/wp-json\/wp\/v2\/types\/page"}],"author":[{"embeddable":true,"href":"https:\/\/research.dental.uw.edu\/derouencenter\/wp-json\/wp\/v2\/users\/2"}],"replies":[{"embeddable":true,"href":"https:\/\/research.dental.uw.edu\/derouencenter\/wp-json\/wp\/v2\/comments?post=341"}],"version-history":[{"count":0,"href":"https:\/\/research.dental.uw.edu\/derouencenter\/wp-json\/wp\/v2\/pages\/341\/revisions"}],"wp:attachment":[{"href":"https:\/\/research.dental.uw.edu\/derouencenter\/wp-json\/wp\/v2\/media?parent=341"}],"curies":[{"name":"wp","href":"https:\/\/api.w.org\/{rel}","templated":true}]}}